{"id":122,"date":"2019-09-12T14:21:29","date_gmt":"2019-09-12T14:21:29","guid":{"rendered":"https:\/\/pujcovna.jizdnikola-friese.cz\/?page_id=122"},"modified":"2025-07-30T09:54:07","modified_gmt":"2025-07-30T09:54:07","slug":"kontakt","status":"publish","type":"page","link":"https:\/\/pujcovna.jizdnikola-friese.cz\/en\/kontakt\/","title":{"rendered":"Kontakt"},"content":{"rendered":"<div data-elementor-type=\"wp-page\" data-elementor-id=\"122\" class=\"elementor elementor-122\">\n\t\t\t\t\t\t<section class=\"elementor-section elementor-top-section elementor-element elementor-element-49cf050 elementor-section-boxed elementor-section-height-default elementor-section-height-default sc_fly_static\" data-id=\"49cf050\" data-element_type=\"section\">\n\t\t\t\t\t\t<div class=\"elementor-container elementor-column-gap-extended\">\n\t\t\t\t\t<div class=\"elementor-column elementor-col-100 elementor-top-column elementor-element elementor-element-dd1609b sc_inner_width_none sc_content_align_inherit sc_layouts_column_icons_position_left sc_fly_static\" data-id=\"dd1609b\" data-element_type=\"column\">\n\t\t\t<div class=\"elementor-widget-wrap elementor-element-populated\">\n\t\t\t\t\t\t<div class=\"elementor-element elementor-element-7932e6a sc_height_large sc_fly_static elementor-widget elementor-widget-spacer\" data-id=\"7932e6a\" data-element_type=\"widget\" data-widget_type=\"spacer.default\">\n\t\t\t\t<div class=\"elementor-widget-container\">\n\t\t\t\t\t\t\t<div class=\"elementor-spacer\">\n\t\t\t<div class=\"elementor-spacer-inner\"><\/div>\n\t\t<\/div>\n\t\t\t\t\t\t<\/div>\n\t\t\t\t<\/div>\n\t\t\t\t\t<\/div>\n\t\t<\/div>\n\t\t\t\t\t<\/div>\n\t\t<\/section>\n\t\t\t\t<section class=\"elementor-section elementor-top-section elementor-element elementor-element-e22e616 elementor-section-stretched elementor-section-boxed elementor-section-height-default elementor-section-height-default sc_fly_static\" data-id=\"e22e616\" data-element_type=\"section\" data-settings=\"{&quot;stretch_section&quot;:&quot;section-stretched&quot;,&quot;background_background&quot;:&quot;classic&quot;}\">\n\t\t\t\t\t\t<div class=\"elementor-container elementor-column-gap-extended\">\n\t\t\t\t\t<div class=\"elementor-column elementor-col-50 elementor-top-column elementor-element elementor-element-780acf9 sc_inner_width_none sc_content_align_inherit sc_layouts_column_icons_position_left sc_fly_static\" data-id=\"780acf9\" data-element_type=\"column\">\n\t\t\t<div class=\"elementor-widget-wrap elementor-element-populated\">\n\t\t\t\t\t\t<div class=\"elementor-element elementor-element-854a9aa sc_fly_static elementor-widget elementor-widget-trx_sc_title\" data-id=\"854a9aa\" data-element_type=\"widget\" data-widget_type=\"trx_sc_title.default\">\n\t\t\t\t<div class=\"elementor-widget-container\">\n\t\t\t\t\t<div\t\tclass=\"sc_title sc_title_default\"><h3 class=\"sc_item_title sc_title_title sc_item_title_style_default sc_item_title_tag\"\n\t\t\t><span class=\"sc_item_title_text\">Pot\u0159ebujete poradit s v\u00fdb\u011brem kola? <\/span><\/h3><\/div>\t\t\t\t<\/div>\n\t\t\t\t<\/div>\n\t\t\t\t<div class=\"elementor-element elementor-element-a342d9f sc_height_small sc_fly_static elementor-widget elementor-widget-spacer\" data-id=\"a342d9f\" data-element_type=\"widget\" data-widget_type=\"spacer.default\">\n\t\t\t\t<div class=\"elementor-widget-container\">\n\t\t\t\t\t\t\t<div class=\"elementor-spacer\">\n\t\t\t<div class=\"elementor-spacer-inner\"><\/div>\n\t\t<\/div>\n\t\t\t\t\t\t<\/div>\n\t\t\t\t<\/div>\n\t\t\t\t<div class=\"elementor-element elementor-element-9653634 sc_fly_static elementor-widget elementor-widget-trx_sc_contact_form_7\" data-id=\"9653634\" data-element_type=\"widget\" data-widget_type=\"trx_sc_contact_form_7.default\">\n\t\t\t\t<div class=\"elementor-widget-container\">\n\t\t\t\t\t\n<div class=\"wpcf7 no-js\" id=\"wpcf7-f5083-o1\" lang=\"cs-CZ\" dir=\"ltr\" data-wpcf7-id=\"5083\">\n<div class=\"screen-reader-response\"><p role=\"status\" aria-live=\"polite\" aria-atomic=\"true\"><\/p> <ul><\/ul><\/div>\n<form action=\"\/en\/wp-json\/wp\/v2\/pages\/122#wpcf7-f5083-o1\" method=\"post\" class=\"wpcf7-form init\" aria-label=\"Kontaktn\u00ed formul\u00e1\u0159\" novalidate=\"novalidate\" data-status=\"init\" data-trp-original-action=\"\/en\/wp-json\/wp\/v2\/pages\/122#wpcf7-f5083-o1\">\n<fieldset class=\"hidden-fields-container\"><input type=\"hidden\" name=\"_wpcf7\" value=\"5083\" \/><input type=\"hidden\" name=\"_wpcf7_version\" value=\"6.1\" \/><input type=\"hidden\" name=\"_wpcf7_locale\" value=\"cs_CZ\" \/><input type=\"hidden\" name=\"_wpcf7_unit_tag\" value=\"wpcf7-f5083-o1\" \/><input type=\"hidden\" name=\"_wpcf7_container_post\" value=\"0\" \/><input type=\"hidden\" name=\"_wpcf7_posted_data_hash\" value=\"\" \/>\n<\/fieldset>\n<div class=\"columns_wrap\">\n<div class=\"column-1_2\"><span class=\"wpcf7-form-control-wrap\" data-name=\"your-name\"><input size=\"40\" maxlength=\"400\" class=\"wpcf7-form-control wpcf7-text wpcf7-validates-as-required\" aria-required=\"true\" aria-invalid=\"false\" placeholder=\"Va\u0161e jm\u00e9no\" value=\"\" type=\"text\" name=\"your-name\" \/><\/span><\/div>\n<div class=\"column-1_2\"><span class=\"wpcf7-form-control-wrap\" data-name=\"your-email\"><input size=\"40\" maxlength=\"400\" class=\"wpcf7-form-control wpcf7-email wpcf7-validates-as-required wpcf7-text wpcf7-validates-as-email\" aria-required=\"true\" aria-invalid=\"false\" placeholder=\"V\u00e1\u0161 email\" value=\"\" type=\"email\" name=\"your-email\" \/><\/span><\/div>\n<div class=\"column-1\"><span class=\"wpcf7-form-control-wrap\" data-name=\"text-27\"><input size=\"40\" maxlength=\"400\" class=\"wpcf7-form-control wpcf7-text wpcf7-validates-as-required\" aria-required=\"true\" aria-invalid=\"false\" placeholder=\"V\u00e1\u0161 telefon\" value=\"\" type=\"text\" name=\"text-27\" \/><\/span><\/div>\n<\/div>\n<span class=\"wpcf7-form-control-wrap\" data-name=\"acceptance\"><span class=\"wpcf7-form-control wpcf7-acceptance\"><span class=\"wpcf7-list-item\"><label><input type=\"checkbox\" name=\"acceptance\" value=\"1\" aria-invalid=\"false\" \/><span class=\"wpcf7-list-item-label\">P\u0159e\u010detl jsem si <a href=\"https:\/\/pujcovna.jizdnikola-friese.cz\/en\/rad-pujcovny\/\">\u0159\u00e1d p\u016fj\u010dovny<\/a> a souhlas\u00edm s n\u00edm.<\/span><\/label><\/span><\/span><\/span>\n<br><br>\n<div class=\"column-1\"><span class=\"wpcf7-form-control-wrap\" data-name=\"textarea-45\"><textarea cols=\"40\" rows=\"10\" maxlength=\"2000\" class=\"wpcf7-form-control wpcf7-textarea wpcf7-validates-as-required\" aria-required=\"true\" aria-invalid=\"false\" name=\"textarea-45\"><\/textarea><\/span><\/div>\n\n<input class=\"wpcf7-form-control wpcf7-submit has-spinner\" type=\"submit\" value=\"Odeslat zpr\u00e1vu\" \/><p style=\"display: none !important;\" class=\"akismet-fields-container\" data-prefix=\"_wpcf7_ak_\"><label>&#916;<textarea name=\"_wpcf7_ak_hp_textarea\" cols=\"45\" rows=\"8\" maxlength=\"100\"><\/textarea><\/label><input type=\"hidden\" id=\"ak_js_1\" name=\"_wpcf7_ak_js\" value=\"120\"\/><script>document.getElementById( \"ak_js_1\" ).setAttribute( \"value\", ( new Date() ).getTime() );<\/script><\/p><div class=\"wpcf7-response-output\" aria-hidden=\"true\"><\/div>\n<input type=\"hidden\" name=\"trp-form-language\" value=\"en\"\/><\/form>\n<\/div>\n\t\t\t\t<\/div>\n\t\t\t\t<\/div>\n\t\t\t\t\t<\/div>\n\t\t<\/div>\n\t\t\t\t<div class=\"elementor-column elementor-col-50 elementor-top-column elementor-element elementor-element-2a5c258 scheme_default sc_inner_width_none sc_content_align_inherit sc_layouts_column_icons_position_left sc_fly_static\" data-id=\"2a5c258\" data-element_type=\"column\" data-settings=\"{&quot;background_background&quot;:&quot;classic&quot;}\">\n\t\t\t<div class=\"elementor-widget-wrap elementor-element-populated\">\n\t\t\t\t\t\t<div class=\"elementor-element elementor-element-73b10fa sc_fly_static elementor-widget elementor-widget-spacer\" data-id=\"73b10fa\" data-element_type=\"widget\" data-widget_type=\"spacer.default\">\n\t\t\t\t<div class=\"elementor-widget-container\">\n\t\t\t\t\t\t\t<div class=\"elementor-spacer\">\n\t\t\t<div class=\"elementor-spacer-inner\"><\/div>\n\t\t<\/div>\n\t\t\t\t\t\t<\/div>\n\t\t\t\t<\/div>\n\t\t\t\t<div class=\"elementor-element elementor-element-6d131c5 sc_fly_static elementor-widget elementor-widget-image\" data-id=\"6d131c5\" data-element_type=\"widget\" data-widget_type=\"image.default\">\n\t\t\t\t<div class=\"elementor-widget-container\">\n\t\t\t\t\t\t\t\t\t\t\t\t\t\t\t<img decoding=\"async\" width=\"308\" height=\"85\" src=\"https:\/\/pujcovna.jizdnikola-friese.cz\/wp-content\/uploads\/2019\/09\/navrh4_prw.png\" class=\"attachment-large size-large wp-image-3855\" alt=\"\" srcset=\"https:\/\/pujcovna.jizdnikola-friese.cz\/wp-content\/uploads\/2019\/09\/navrh4_prw.png 308w, https:\/\/pujcovna.jizdnikola-friese.cz\/wp-content\/uploads\/2019\/09\/navrh4_prw-300x83.png 300w, https:\/\/pujcovna.jizdnikola-friese.cz\/wp-content\/uploads\/2019\/09\/navrh4_prw-18x5.png 18w\" sizes=\"(max-width: 600px) 100vw, 308px\" \/>\t\t\t\t\t\t\t\t\t\t\t\t\t\t\t<\/div>\n\t\t\t\t<\/div>\n\t\t\t\t<div class=\"elementor-element elementor-element-6682f2a sc_fly_static elementor-widget elementor-widget-spacer\" data-id=\"6682f2a\" data-element_type=\"widget\" data-widget_type=\"spacer.default\">\n\t\t\t\t<div class=\"elementor-widget-container\">\n\t\t\t\t\t\t\t<div class=\"elementor-spacer\">\n\t\t\t<div class=\"elementor-spacer-inner\"><\/div>\n\t\t<\/div>\n\t\t\t\t\t\t<\/div>\n\t\t\t\t<\/div>\n\t\t\t\t<div class=\"elementor-element elementor-element-aa14b14 sc_fly_static elementor-widget elementor-widget-trx_sc_icons\" data-id=\"aa14b14\" data-element_type=\"widget\" data-widget_type=\"trx_sc_icons.default\">\n\t\t\t\t<div class=\"elementor-widget-container\">\n\t\t\t\t\t<div \n\tclass=\"sc_icons sc_icons_modern sc_icons_size_small sc_align_left\"><div class=\"sc_icons_item\"><div class=\"sc_icons_icon sc_icon_type_ icon-placeholder\"><span class=\"sc_icon_type_ icon-placeholder\"><\/span><\/div><div class=\"sc_icons_item_details\"><h4 class=\"sc_icons_item_title\"><span>P\u016fj\u010dovna B\u0159eclav<\/span><\/h4><div class=\"sc_icons_item_description\" style=\"color:#000000;\"><span>I\u010c: 616997799<\/span><span>DI\u010c: CZ7601244398<\/span><span>Adresa: U nemocnice 3372\/8, 690 01 b\u0159eclav<\/span><span>Mobil: +420 602 465 129<\/span><span>Email: friesez@seznam.cz<\/span><span><strong>Mo\u017enosti platby:<\/strong><\/span> <br> <\/span><span><span style=\"color: #ea4335;\">- <strong>Platba hotov\u011b (mo\u017enost platit i eurem)<\/strong><\/span><span><span style=\"color: #ea4335;\">- <strong>Okam\u017eit\u00e1 platba p\u0159es mobiln\u00ed bankovnictv\u00ed p\u0159i p\u0159evzet\u00ed kola<\/strong><\/span><span><\/span><\/div><\/div><\/div><div class=\"sc_icons_item sc_icons_item_linked\"><div class=\"sc_icons_icon sc_icon_type_ icon-at\"><span class=\"sc_icon_type_ icon-at\"><\/span><\/div><div class=\"sc_icons_item_details\"><h4 class=\"sc_icons_item_title\"><span>friesez@seznam.cz<\/span><\/h4><a href=\"mailto:friesez@seznam.cz\"\n\t\t\t\t\t\t\tclass=\"sc_icons_item_link\"><\/a><\/div><\/div><div class=\"sc_icons_item sc_icons_item_linked\"><div class=\"sc_icons_icon sc_icon_type_ icon-smartphone-1\"><span class=\"sc_icon_type_ icon-smartphone-1\"><\/span><\/div><div class=\"sc_icons_item_details\"><h4 class=\"sc_icons_item_title\"><span>+420 602 465 129<\/span><\/h4><a href=\"tel:+420602465129\"\n\t\t\t\t\t\t\tclass=\"sc_icons_item_link\"><\/a><\/div><\/div><div class=\"sc_icons_item sc_icons_item_linked\"><div class=\"sc_icons_icon sc_icon_type_ icon-clock-empty\"><span class=\"sc_icon_type_ icon-clock-empty\"><\/span><\/div><div class=\"sc_icons_item_details\"><h4 class=\"sc_icons_item_title\"><span>Otev\u00edrac\u00ed doba<\/span><\/h4><div class=\"sc_icons_item_description\"><span>Po: 13:00 - 18:00<\/span><span>\u00dat - P\u00e1: 9:30 - 18:00<\/span><span>So: 9:00 - 11:30, 17:00 - 18:00<\/span><span>Ne: Po telefonick\u00e9 domluv\u011b<\/span><span><span style=\"color: #eec432;\"><br><\/span><span><\/span><\/div><a href=\"tel:+420602465129\"\n\t\t\t\t\t\t\tclass=\"sc_icons_item_link\"><\/a><\/div><\/div><\/div>\t\t\t\t<\/div>\n\t\t\t\t<\/div>\n\t\t\t\t\t<\/div>\n\t\t<\/div>\n\t\t\t\t\t<\/div>\n\t\t<\/section>\n\t\t\t\t<section class=\"elementor-section elementor-top-section elementor-element elementor-element-d33c119 elementor-section-boxed elementor-section-height-default elementor-section-height-default sc_fly_static\" data-id=\"d33c119\" data-element_type=\"section\">\n\t\t\t\t\t\t<div class=\"elementor-container elementor-column-gap-extended\">\n\t\t\t\t\t<div class=\"elementor-column elementor-col-100 elementor-top-column elementor-element elementor-element-20f4d64 sc_inner_width_none sc_content_align_inherit sc_layouts_column_icons_position_left sc_fly_static\" data-id=\"20f4d64\" data-element_type=\"column\">\n\t\t\t<div class=\"elementor-widget-wrap elementor-element-populated\">\n\t\t\t\t\t\t<div class=\"elementor-element elementor-element-85122a2 sc_height_tiny sc_fly_static elementor-widget elementor-widget-spacer\" data-id=\"85122a2\" data-element_type=\"widget\" data-widget_type=\"spacer.default\">\n\t\t\t\t<div class=\"elementor-widget-container\">\n\t\t\t\t\t\t\t<div class=\"elementor-spacer\">\n\t\t\t<div class=\"elementor-spacer-inner\"><\/div>\n\t\t<\/div>\n\t\t\t\t\t\t<\/div>\n\t\t\t\t<\/div>\n\t\t\t\t\t<\/div>\n\t\t<\/div>\n\t\t\t\t\t<\/div>\n\t\t<\/section>\n\t\t\t\t<section class=\"elementor-section elementor-top-section elementor-element elementor-element-8798a3c elementor-section-stretched elementor-section-boxed elementor-section-height-default elementor-section-height-default sc_fly_static\" data-id=\"8798a3c\" data-element_type=\"section\" data-settings=\"{&quot;stretch_section&quot;:&quot;section-stretched&quot;}\">\n\t\t\t\t\t\t<div class=\"elementor-container elementor-column-gap-wider\">\n\t\t\t\t\t<div class=\"elementor-column elementor-col-100 elementor-top-column elementor-element elementor-element-b97b729 sc_inner_width_none sc_content_align_inherit sc_layouts_column_icons_position_left sc_fly_static\" data-id=\"b97b729\" data-element_type=\"column\">\n\t\t\t<div class=\"elementor-widget-wrap elementor-element-populated\">\n\t\t\t\t\t\t<div class=\"elementor-element elementor-element-9a6039d sc_fly_static elementor-widget elementor-widget-html\" data-id=\"9a6039d\" data-element_type=\"widget\" data-widget_type=\"html.default\">\n\t\t\t\t<div class=\"elementor-widget-container\">\n\t\t\t\t\t<iframe src=\"https:\/\/www.google.com\/maps\/embed?pb=!1m14!1m8!1m3!1d5260.757920565624!2d16.876959000000003!3d48.755559!3m2!1i1024!2i768!4f13.1!3m3!1m2!1s0x476d2aa16a60fd23%3A0x111252929a14d73a!2sU%20Nemocnice%203372%2F8b%2C%20690%2002%20B%C5%99eclav!5e0!3m2!1sen!2scz!4v1687247339778!5m2!1sen!2scz\" width=\"650\" height=\"200\" style=\"border:0;\" allowfullscreen=\"\" loading=\"lazy\" referrerpolicy=\"no-referrer-when-downgrade\"><\/iframe>\t\t\t\t<\/div>\n\t\t\t\t<\/div>\n\t\t\t\t\t<\/div>\n\t\t<\/div>\n\t\t\t\t\t<\/div>\n\t\t<\/section>\n\t\t\t\t<\/div>","protected":false},"excerpt":{"rendered":"<p>Pot\u0159ebujete poradit s v\u00fdb\u011brem kola? P\u0159e\u010detl jsem si \u0159\u00e1d p\u016fj\u010dovny a souhlas\u00edm s n\u00edm. &#916; P\u016fj\u010dovna B\u0159eclav I\u010c: 616997799DI\u010c: CZ7601244398Adresa: U nemocnice 3372\/8, 690 01 b\u0159eclavMobil: +420 602 465 129Email: friesez@seznam.czMo\u017enosti platby: &#8211; Platba hotov\u011b (mo\u017enost platit i eurem)&#8211; Okam\u017eit\u00e1 platba p\u0159es mobiln\u00ed bankovnictv\u00ed&hellip;<\/p>","protected":false},"author":1,"featured_media":0,"parent":0,"menu_order":0,"comment_status":"closed","ping_status":"closed","template":"","meta":{"footnotes":"","_links_to":"","_links_to_target":""},"class_list":["post-122","page","type-page","status-publish","hentry"],"yoast_head":"<!-- This site is optimized with the Yoast SEO plugin v25.6 - https:\/\/yoast.com\/wordpress\/plugins\/seo\/ -->\n<title>Kontakt - P\u016fj\u010dovna kol a elektrokol B\u0159eclav Friese<\/title>\n<meta name=\"description\" content=\"P\u016fj\u010dovna j\u00edzdn\u00edch kol a elektrokol B\u0159eclav, Zden\u011bk Friese. Mo\u017enost zap\u016fj\u010den\u00ed zcela nov\u00fdch j\u00edzdn\u00edch kol a elektrokol.\" \/>\n<meta name=\"robots\" content=\"index, follow, max-snippet:-1, max-image-preview:large, max-video-preview:-1\" \/>\n<link rel=\"canonical\" href=\"https:\/\/pujcovna.jizdnikola-friese.cz\/en\/kontakt\/\" \/>\n<meta property=\"og:locale\" content=\"en_GB\" \/>\n<meta property=\"og:type\" content=\"article\" \/>\n<meta property=\"og:title\" content=\"P\u016fj\u010dovna j\u00edzdn\u00edch kol a elektrokol B\u0159eclav\" \/>\n<meta property=\"og:description\" content=\"P\u016fj\u010dovna j\u00edzdn\u00edch kol a elektrokol B\u0159eclav, Zden\u011bk Friese. Mo\u017enost zap\u016fj\u010den\u00ed zcela nov\u00fdch j\u00edzdn\u00edch kol a elektrokol.\" \/>\n<meta property=\"og:url\" content=\"https:\/\/pujcovna.jizdnikola-friese.cz\/en\/kontakt\/\" \/>\n<meta property=\"og:site_name\" content=\"P\u016fj\u010dovna kol a elektrokol B\u0159eclav Friese\" \/>\n<meta property=\"article:publisher\" content=\"https:\/\/www.facebook.com\/profile.php?id=100057615213359\" \/>\n<meta property=\"article:modified_time\" content=\"2025-07-30T09:54:07+00:00\" \/>\n<meta property=\"og:image\" content=\"https:\/\/pujcovna.jizdnikola-friese.cz\/wp-content\/uploads\/2019\/09\/navrh4_prw.png\" \/>\n\t<meta property=\"og:image:width\" content=\"308\" \/>\n\t<meta property=\"og:image:height\" content=\"85\" \/>\n\t<meta property=\"og:image:type\" content=\"image\/png\" \/>\n<meta name=\"twitter:card\" content=\"summary_large_image\" \/>\n<meta name=\"twitter:label1\" content=\"Estimated reading time\" \/>\n\t<meta name=\"twitter:data1\" content=\"1 minute\" \/>\n<script type=\"application\/ld+json\" class=\"yoast-schema-graph\">{\"@context\":\"https:\/\/schema.org\",\"@graph\":[{\"@type\":\"WebPage\",\"@id\":\"https:\/\/pujcovna.jizdnikola-friese.cz\/kontakt\/\",\"url\":\"https:\/\/pujcovna.jizdnikola-friese.cz\/kontakt\/\",\"name\":\"Kontakt - P\u016fj\u010dovna kol a elektrokol B\u0159eclav Friese\",\"isPartOf\":{\"@id\":\"https:\/\/pujcovna.jizdnikola-friese.cz\/#website\"},\"primaryImageOfPage\":{\"@id\":\"https:\/\/pujcovna.jizdnikola-friese.cz\/kontakt\/#primaryimage\"},\"image\":{\"@id\":\"https:\/\/pujcovna.jizdnikola-friese.cz\/kontakt\/#primaryimage\"},\"thumbnailUrl\":\"https:\/\/pujcovna.jizdnikola-friese.cz\/wp-content\/uploads\/2019\/09\/navrh4_prw.png\",\"datePublished\":\"2019-09-12T14:21:29+00:00\",\"dateModified\":\"2025-07-30T09:54:07+00:00\",\"description\":\"P\u016fj\u010dovna j\u00edzdn\u00edch kol a elektrokol B\u0159eclav, Zden\u011bk Friese. Mo\u017enost zap\u016fj\u010den\u00ed zcela nov\u00fdch j\u00edzdn\u00edch kol a elektrokol.\",\"breadcrumb\":{\"@id\":\"https:\/\/pujcovna.jizdnikola-friese.cz\/kontakt\/#breadcrumb\"},\"inLanguage\":\"en-GB\",\"potentialAction\":[{\"@type\":\"ReadAction\",\"target\":[\"https:\/\/pujcovna.jizdnikola-friese.cz\/kontakt\/\"]}]},{\"@type\":\"ImageObject\",\"inLanguage\":\"en-GB\",\"@id\":\"https:\/\/pujcovna.jizdnikola-friese.cz\/kontakt\/#primaryimage\",\"url\":\"https:\/\/pujcovna.jizdnikola-friese.cz\/wp-content\/uploads\/2019\/09\/navrh4_prw.png\",\"contentUrl\":\"https:\/\/pujcovna.jizdnikola-friese.cz\/wp-content\/uploads\/2019\/09\/navrh4_prw.png\"},{\"@type\":\"BreadcrumbList\",\"@id\":\"https:\/\/pujcovna.jizdnikola-friese.cz\/kontakt\/#breadcrumb\",\"itemListElement\":[{\"@type\":\"ListItem\",\"position\":1,\"name\":\"Dom\u016f\",\"item\":\"https:\/\/pujcovna.jizdnikola-friese.cz\/\"},{\"@type\":\"ListItem\",\"position\":2,\"name\":\"Kontakt\"}]},{\"@type\":\"WebSite\",\"@id\":\"https:\/\/pujcovna.jizdnikola-friese.cz\/#website\",\"url\":\"https:\/\/pujcovna.jizdnikola-friese.cz\/\",\"name\":\"P\u016fj\u010dovna kol a elektrokol B\u0159eclav Zden\u011bk Friese\",\"description\":\"Vydejte se na cyklov\u00fdlet s koly z na\u0161\u00ed p\u016fj\u010dovny\",\"publisher\":{\"@id\":\"https:\/\/pujcovna.jizdnikola-friese.cz\/#organization\"},\"potentialAction\":[{\"@type\":\"SearchAction\",\"target\":{\"@type\":\"EntryPoint\",\"urlTemplate\":\"https:\/\/pujcovna.jizdnikola-friese.cz\/?s={search_term_string}\"},\"query-input\":{\"@type\":\"PropertyValueSpecification\",\"valueRequired\":true,\"valueName\":\"search_term_string\"}}],\"inLanguage\":\"en-GB\"},{\"@type\":\"Organization\",\"@id\":\"https:\/\/pujcovna.jizdnikola-friese.cz\/#organization\",\"name\":\"P\u016fj\u010dovna kol a elektrokol B\u0159eclav Zden\u011bk Friese\",\"url\":\"https:\/\/pujcovna.jizdnikola-friese.cz\/\",\"logo\":{\"@type\":\"ImageObject\",\"inLanguage\":\"en-GB\",\"@id\":\"https:\/\/pujcovna.jizdnikola-friese.cz\/#\/schema\/logo\/image\/\",\"url\":\"https:\/\/pujcovna.jizdnikola-friese.cz\/wp-content\/uploads\/2019\/09\/navrh4_prw.png\",\"contentUrl\":\"https:\/\/pujcovna.jizdnikola-friese.cz\/wp-content\/uploads\/2019\/09\/navrh4_prw.png\",\"width\":308,\"height\":85,\"caption\":\"P\u016fj\u010dovna kol a elektrokol B\u0159eclav Zden\u011bk Friese\"},\"image\":{\"@id\":\"https:\/\/pujcovna.jizdnikola-friese.cz\/#\/schema\/logo\/image\/\"},\"sameAs\":[\"https:\/\/www.facebook.com\/profile.php?id=100057615213359\"]}]}<\/script>\n<!-- \/ Yoast SEO plugin. -->","yoast_head_json":{"title":"Kontakt - P\u016fj\u010dovna kol a elektrokol B\u0159eclav Friese","description":"P\u016fj\u010dovna j\u00edzdn\u00edch kol a elektrokol B\u0159eclav, Zden\u011bk Friese. Mo\u017enost zap\u016fj\u010den\u00ed zcela nov\u00fdch j\u00edzdn\u00edch kol a elektrokol.","robots":{"index":"index","follow":"follow","max-snippet":"max-snippet:-1","max-image-preview":"max-image-preview:large","max-video-preview":"max-video-preview:-1"},"canonical":"https:\/\/pujcovna.jizdnikola-friese.cz\/en\/kontakt\/","og_locale":"en_GB","og_type":"article","og_title":"P\u016fj\u010dovna j\u00edzdn\u00edch kol a elektrokol B\u0159eclav","og_description":"P\u016fj\u010dovna j\u00edzdn\u00edch kol a elektrokol B\u0159eclav, Zden\u011bk Friese. Mo\u017enost zap\u016fj\u010den\u00ed zcela nov\u00fdch j\u00edzdn\u00edch kol a elektrokol.","og_url":"https:\/\/pujcovna.jizdnikola-friese.cz\/en\/kontakt\/","og_site_name":"P\u016fj\u010dovna kol a elektrokol B\u0159eclav Friese","article_publisher":"https:\/\/www.facebook.com\/profile.php?id=100057615213359","article_modified_time":"2025-07-30T09:54:07+00:00","og_image":[{"width":308,"height":85,"url":"https:\/\/pujcovna.jizdnikola-friese.cz\/wp-content\/uploads\/2019\/09\/navrh4_prw.png","type":"image\/png"}],"twitter_card":"summary_large_image","twitter_misc":{"Estimated reading time":"1 minute"},"schema":{"@context":"https:\/\/schema.org","@graph":[{"@type":"WebPage","@id":"https:\/\/pujcovna.jizdnikola-friese.cz\/kontakt\/","url":"https:\/\/pujcovna.jizdnikola-friese.cz\/kontakt\/","name":"Kontakt - P\u016fj\u010dovna kol a elektrokol B\u0159eclav Friese","isPartOf":{"@id":"https:\/\/pujcovna.jizdnikola-friese.cz\/#website"},"primaryImageOfPage":{"@id":"https:\/\/pujcovna.jizdnikola-friese.cz\/kontakt\/#primaryimage"},"image":{"@id":"https:\/\/pujcovna.jizdnikola-friese.cz\/kontakt\/#primaryimage"},"thumbnailUrl":"https:\/\/pujcovna.jizdnikola-friese.cz\/wp-content\/uploads\/2019\/09\/navrh4_prw.png","datePublished":"2019-09-12T14:21:29+00:00","dateModified":"2025-07-30T09:54:07+00:00","description":"P\u016fj\u010dovna j\u00edzdn\u00edch kol a elektrokol B\u0159eclav, Zden\u011bk Friese. Mo\u017enost zap\u016fj\u010den\u00ed zcela nov\u00fdch j\u00edzdn\u00edch kol a elektrokol.","breadcrumb":{"@id":"https:\/\/pujcovna.jizdnikola-friese.cz\/kontakt\/#breadcrumb"},"inLanguage":"en-GB","potentialAction":[{"@type":"ReadAction","target":["https:\/\/pujcovna.jizdnikola-friese.cz\/kontakt\/"]}]},{"@type":"ImageObject","inLanguage":"en-GB","@id":"https:\/\/pujcovna.jizdnikola-friese.cz\/kontakt\/#primaryimage","url":"https:\/\/pujcovna.jizdnikola-friese.cz\/wp-content\/uploads\/2019\/09\/navrh4_prw.png","contentUrl":"https:\/\/pujcovna.jizdnikola-friese.cz\/wp-content\/uploads\/2019\/09\/navrh4_prw.png"},{"@type":"BreadcrumbList","@id":"https:\/\/pujcovna.jizdnikola-friese.cz\/kontakt\/#breadcrumb","itemListElement":[{"@type":"ListItem","position":1,"name":"Dom\u016f","item":"https:\/\/pujcovna.jizdnikola-friese.cz\/"},{"@type":"ListItem","position":2,"name":"Kontakt"}]},{"@type":"WebSite","@id":"https:\/\/pujcovna.jizdnikola-friese.cz\/#website","url":"https:\/\/pujcovna.jizdnikola-friese.cz\/","name":"P\u016fj\u010dovna kol a elektrokol B\u0159eclav Zden\u011bk Friese","description":"Vydejte se na cyklov\u00fdlet s koly z na\u0161\u00ed p\u016fj\u010dovny","publisher":{"@id":"https:\/\/pujcovna.jizdnikola-friese.cz\/#organization"},"potentialAction":[{"@type":"SearchAction","target":{"@type":"EntryPoint","urlTemplate":"https:\/\/pujcovna.jizdnikola-friese.cz\/?s={search_term_string}"},"query-input":{"@type":"PropertyValueSpecification","valueRequired":true,"valueName":"search_term_string"}}],"inLanguage":"en-GB"},{"@type":"Organization","@id":"https:\/\/pujcovna.jizdnikola-friese.cz\/#organization","name":"P\u016fj\u010dovna kol a elektrokol B\u0159eclav Zden\u011bk Friese","url":"https:\/\/pujcovna.jizdnikola-friese.cz\/","logo":{"@type":"ImageObject","inLanguage":"en-GB","@id":"https:\/\/pujcovna.jizdnikola-friese.cz\/#\/schema\/logo\/image\/","url":"https:\/\/pujcovna.jizdnikola-friese.cz\/wp-content\/uploads\/2019\/09\/navrh4_prw.png","contentUrl":"https:\/\/pujcovna.jizdnikola-friese.cz\/wp-content\/uploads\/2019\/09\/navrh4_prw.png","width":308,"height":85,"caption":"P\u016fj\u010dovna kol a elektrokol B\u0159eclav Zden\u011bk Friese"},"image":{"@id":"https:\/\/pujcovna.jizdnikola-friese.cz\/#\/schema\/logo\/image\/"},"sameAs":["https:\/\/www.facebook.com\/profile.php?id=100057615213359"]}]}},"_links":{"self":[{"href":"https:\/\/pujcovna.jizdnikola-friese.cz\/en\/wp-json\/wp\/v2\/pages\/122","targetHints":{"allow":["GET"]}}],"collection":[{"href":"https:\/\/pujcovna.jizdnikola-friese.cz\/en\/wp-json\/wp\/v2\/pages"}],"about":[{"href":"https:\/\/pujcovna.jizdnikola-friese.cz\/en\/wp-json\/wp\/v2\/types\/page"}],"author":[{"embeddable":true,"href":"https:\/\/pujcovna.jizdnikola-friese.cz\/en\/wp-json\/wp\/v2\/users\/1"}],"replies":[{"embeddable":true,"href":"https:\/\/pujcovna.jizdnikola-friese.cz\/en\/wp-json\/wp\/v2\/comments?post=122"}],"version-history":[{"count":0,"href":"https:\/\/pujcovna.jizdnikola-friese.cz\/en\/wp-json\/wp\/v2\/pages\/122\/revisions"}],"wp:attachment":[{"href":"https:\/\/pujcovna.jizdnikola-friese.cz\/en\/wp-json\/wp\/v2\/media?parent=122"}],"curies":[{"name":"wp","href":"https:\/\/api.w.org\/{rel}","templated":true}]}}