{"id":89,"date":"2019-09-12T14:17:31","date_gmt":"2019-09-12T14:17:31","guid":{"rendered":"https:\/\/pujcovna.jizdnikola-friese.cz\/?page_id=89"},"modified":"2024-08-08T15:33:49","modified_gmt":"2024-08-08T15:33:49","slug":"rad-pujcovny","status":"publish","type":"page","link":"https:\/\/pujcovna.jizdnikola-friese.cz\/en\/rad-pujcovny\/","title":{"rendered":"\u0158\u00e1d p\u016fj\u010dovny"},"content":{"rendered":"<div data-elementor-type=\"wp-page\" data-elementor-id=\"89\" class=\"elementor elementor-89\">\n\t\t\t\t\t\t<section class=\"elementor-section elementor-top-section elementor-element elementor-element-113479c5 elementor-section-boxed elementor-section-height-default elementor-section-height-default sc_fly_static\" data-id=\"113479c5\" data-element_type=\"section\">\n\t\t\t\t\t\t<div class=\"elementor-container elementor-column-gap-extended\">\n\t\t\t\t\t<div class=\"elementor-column elementor-col-100 elementor-top-column elementor-element elementor-element-dd8ce95 sc_inner_width_none sc_content_align_inherit sc_layouts_column_icons_position_left sc_fly_static\" data-id=\"dd8ce95\" data-element_type=\"column\">\n\t\t\t<div class=\"elementor-widget-wrap elementor-element-populated\">\n\t\t\t\t\t\t<div class=\"elementor-element elementor-element-4e6cf4be sc_fly_static elementor-widget elementor-widget-spacer\" data-id=\"4e6cf4be\" data-element_type=\"widget\" data-widget_type=\"spacer.default\">\n\t\t\t\t<div class=\"elementor-widget-container\">\n\t\t\t\t\t\t\t<div class=\"elementor-spacer\">\n\t\t\t<div class=\"elementor-spacer-inner\"><\/div>\n\t\t<\/div>\n\t\t\t\t\t\t<\/div>\n\t\t\t\t<\/div>\n\t\t\t\t<div class=\"elementor-element elementor-element-2e206421 sc_fly_static elementor-widget elementor-widget-text-editor\" data-id=\"2e206421\" data-element_type=\"widget\" data-widget_type=\"text-editor.default\">\n\t\t\t\t<div class=\"elementor-widget-container\">\n\t\t\t\t\t\t\t\t\t<h4 style=\"text-align: center;\">\u0158\u00e1d p\u016fj\u010dovny kol firmy J\u00cdZDN\u00cd KOLA FRIESE<\/h4>\n<ol>\n \t<li>Pr\u00e1vo u\u017e\u00edvat kolo\/elektrokolo m\u00e1 pouze osoba uveden\u00e1 ve smlouv\u011b (d\u00e1le jen n\u00e1jemce), podepsan\u00fd na smlouv\u011b.<\/li>\n \t<li>Podpisem smlouvy n\u00e1jemce potvrzuje, \u017ee byl sezn\u00e1men se zp\u016fsobem u\u017e\u00edv\u00e1n\u00ed kola\/elektrokola, jeho \u00fadr\u017ebou a souhlas\u00ed s jeho stavem v p\u0159i p\u0159evzet\u00ed, podepsan\u00fdm v protokolu.<\/li>\n \t<li>Po podpisu smlouvy p\u0159eb\u00edr\u00e1 n\u00e1jemce ve\u0161kerou zodpov\u011bdnost za vyp\u016fj\u010den\u00fd p\u0159edm\u011bt a\u017e do doby jeho vr\u00e1cen\u00ed. Na z\u00e1klad\u011b smlouvy o zap\u016fj\u010den\u00ed se zavazuje n\u00e1jemce u\u017e\u00edvat elektrokolo ve shod\u011b s jeho ur\u010den\u00edm tak, aby nedo\u0161lo k jej\u00edmu po\u0161kozen\u00ed \u010di odcizen\u00ed, v\u010detn\u011b \u0159\u00e1dn\u00e9ho zabezpe\u010den\u00ed proti kr\u00e1de\u017ei a zaji\u0161t\u011bn\u00ed p\u0159i p\u0159eprav\u011b. N\u00e1jemce se zavazuje dodr\u017eovat v\u0161echny p\u0159edpisy vztahuj\u00edc\u00ed se na provoz na pozemn\u00edch komunikac\u00edch a cyklostezk\u00e1ch a prohla\u0161uje, \u017ee je zp\u016fsobil\u00fd a opr\u00e1vn\u011bn\u00fd k u\u017e\u00edv\u00e1n\u00ed elektrokola. P\u0159i p\u0159evzet\u00ed je n\u00e1jemce povinen ov\u011b\u0159it si technick\u00fd stav kola.<\/li>\n \t<li>V p\u0159\u00edpad\u011b nedostatku na jeho technick\u00e9m stavu v pr\u016fb\u011bhu u\u017e\u00edv\u00e1n\u00ed se n\u00e1jemce zavazuje neprodlen\u011b o z\u00e1vad\u011b informovat majitele a na z\u00e1klad\u011b jeho pokyn\u016f postupovat d\u00e1le.<\/li>\n \t<li>K pron\u00e1jmu kola\/elektrokola je nutn\u00e9 slo\u017eit vratnou z\u00e1lohu uvedenou u jednotliv\u00fdch model\u016f v cen\u00edku p\u016fj\u010dovny. Pron\u00e1jem kola\/elektrokola je mo\u017en\u00fd pouze po p\u0159edlo\u017een\u00ed alespo\u0148 dvou platn\u00fdch osobn\u00edch doklad\u016f a jejich ov\u011b\u0159en\u00ed (ob\u010dansk\u00fd pr\u016fkaz, pas, \u0159idi\u010dsk\u00fd pr\u016fkaz).<\/li>\n \t<li>N\u00e1jemce m\u016f\u017ee b\u00fdt pouze osoba star\u0161\u00ed 18 let, kter\u00e1 je zp\u016fsobil\u00e1 k pr\u00e1vn\u00edm \u00fakon\u016fm. Pronaj\u00edmatel si vyhrazuje pr\u00e1vo neuzav\u0159\u00edt smlouvu s osobou, u kter\u00e9 je d\u016fvodn\u00e1 obava, \u017ee p\u0159i u\u017e\u00edv\u00e1n\u00ed kola\/elektrokola m\u016f\u017ee zp\u016fsobit \u0161kodu sob\u011b \u010di t\u0159et\u00edm osob\u00e1m. P\u0159ed\u00e1n\u00ed a p\u016fj\u010dov\u00e1n\u00ed kola osob\u011b, kter\u00e1 nen\u00ed uveden\u00e1 ve smlouv\u011b je zak\u00e1z\u00e1no.<\/li>\n \t<li>P\u016fj\u010dovn\u00e9 je splatn\u00e9 okam\u017eit\u011b po podeps\u00e1n\u00ed smlouvy. V p\u0159\u00edpad\u011b p\u0159ekro\u010den\u00ed stanoven\u00e9 lh\u016fty je n\u00e1jemce povinen p\u016fj\u010dovn\u00e9 doplatit v\u010detn\u011b poplatku za p\u0159ekro\u010den\u00ed lh\u016fty ve v\u00fd\u0161i a\u017e 200% ceny p\u016fj\u010dovn\u00e9ho.<\/li>\n \t<li>J\u00edzda na vyp\u016fj\u010den\u00e9m kole\/elektrokole je na vlastn\u00ed nebezpe\u010d\u00ed. Pronaj\u00edmatel nenese \u017e\u00e1dnou odpov\u011bdnost za \u0161kody zp\u016fsoben\u00e9 n\u00e1jemcem.<\/li>\n \t<li>V p\u0159\u00edpad\u011b po\u0161kozen\u00ed kola\/elektrokola se n\u00e1jemce zavazuje uhradit ve\u0161ker\u00e9 n\u00e1klady vynalo\u017een\u00e9 na jeho opravu do 7 dn\u016f od obdr\u017een\u00ed faktury. Pokud n\u00e1klady nepokryla slo\u017een\u00e1 z\u00e1loha. pronaj\u00edmatel m\u00e1 pr\u00e1vo pou\u017e\u00edt z\u00e1lohu na \u00fahradu vznikl\u00e9 \u0161kody.<\/li>\n<\/ol>\n<p class=\"Standard\" style=\"text-align: center;\"><strong>\u0158\u00e1d a cen\u00edk P\u016fj\u010dovny je sou\u010d\u00e1st\u00ed smlouvy a sv\u00fdm podpisem na n\u00ed se n\u00e1jemce zavazuje plnit ho v pln\u00e9m rozsahu.<\/strong><\/p>\n\n<blockquote>\n<p style=\"text-align: center;\"><strong>Mo\u017enosti platby <br><br>\nPlatba hotov\u011b (mo\u017enost platit i eurem)<\/strong><\/p>\n<p style=\"text-align:center\"><strong>Okam\u017eit\u00e1 platba p\u0159es mobiln\u00ed bankovnictv\u00ed p\u0159i p\u0159evzet\u00ed kola<\/strong>\n<\/blockquote>\t\t\t\t\t\t\t\t<\/div>\n\t\t\t\t<\/div>\n\t\t\t\t\t<\/div>\n\t\t<\/div>\n\t\t\t\t\t<\/div>\n\t\t<\/section>\n\t\t\t\t<\/div>","protected":false},"excerpt":{"rendered":"<p>\u0158\u00e1d p\u016fj\u010dovny kol firmy J\u00cdZDN\u00cd KOLA FRIESE Pr\u00e1vo u\u017e\u00edvat kolo\/elektrokolo m\u00e1 pouze osoba uveden\u00e1 ve smlouv\u011b (d\u00e1le jen n\u00e1jemce), podepsan\u00fd na smlouv\u011b. Podpisem smlouvy n\u00e1jemce potvrzuje, \u017ee byl sezn\u00e1men se zp\u016fsobem u\u017e\u00edv\u00e1n\u00ed kola\/elektrokola, jeho \u00fadr\u017ebou a souhlas\u00ed s jeho stavem v p\u0159i p\u0159evzet\u00ed, podepsan\u00fdm&hellip;<\/p>","protected":false},"author":1,"featured_media":0,"parent":0,"menu_order":0,"comment_status":"closed","ping_status":"closed","template":"","meta":{"footnotes":"","_links_to":"","_links_to_target":""},"class_list":["post-89","page","type-page","status-publish","hentry"],"yoast_head":"<!-- This site is optimized with the Yoast SEO plugin v25.6 - https:\/\/yoast.com\/wordpress\/plugins\/seo\/ -->\n<title>\u0158\u00e1d p\u016fj\u010dovny - P\u016fj\u010dovna kol a elektrokol B\u0159eclav Friese<\/title>\n<meta name=\"description\" content=\"P\u016fj\u010dovna j\u00edzdn\u00edch kol a elektrokol B\u0159eclav, Zden\u011bk Friese. Mo\u017enost zap\u016fj\u010den\u00ed zcela nov\u00fdch j\u00edzdn\u00edch kol a elektrokol.\" \/>\n<meta name=\"robots\" content=\"index, follow, max-snippet:-1, max-image-preview:large, max-video-preview:-1\" \/>\n<link rel=\"canonical\" href=\"https:\/\/pujcovna.jizdnikola-friese.cz\/en\/rad-pujcovny\/\" \/>\n<meta property=\"og:locale\" content=\"en_GB\" \/>\n<meta property=\"og:type\" content=\"article\" \/>\n<meta property=\"og:title\" content=\"P\u016fj\u010dovna j\u00edzdn\u00edch kol a elektrokol B\u0159eclav\" \/>\n<meta property=\"og:description\" content=\"P\u016fj\u010dovna j\u00edzdn\u00edch kol a elektrokol B\u0159eclav, Zden\u011bk Friese. Mo\u017enost zap\u016fj\u010den\u00ed zcela nov\u00fdch j\u00edzdn\u00edch kol a elektrokol.\" \/>\n<meta property=\"og:url\" content=\"https:\/\/pujcovna.jizdnikola-friese.cz\/en\/rad-pujcovny\/\" \/>\n<meta property=\"og:site_name\" content=\"P\u016fj\u010dovna kol a elektrokol B\u0159eclav Friese\" \/>\n<meta property=\"article:publisher\" content=\"https:\/\/www.facebook.com\/profile.php?id=100057615213359\" \/>\n<meta property=\"article:modified_time\" content=\"2024-08-08T15:33:49+00:00\" \/>\n<meta property=\"og:image\" content=\"https:\/\/pujcovna.jizdnikola-friese.cz\/wp-content\/uploads\/2019\/09\/navrh4_prw.png\" \/>\n\t<meta property=\"og:image:width\" content=\"308\" \/>\n\t<meta property=\"og:image:height\" content=\"85\" \/>\n\t<meta property=\"og:image:type\" content=\"image\/png\" \/>\n<meta name=\"twitter:card\" content=\"summary_large_image\" \/>\n<meta name=\"twitter:label1\" content=\"Estimated reading time\" \/>\n\t<meta name=\"twitter:data1\" content=\"2 minutes\" \/>\n<script type=\"application\/ld+json\" class=\"yoast-schema-graph\">{\"@context\":\"https:\/\/schema.org\",\"@graph\":[{\"@type\":\"WebPage\",\"@id\":\"https:\/\/pujcovna.jizdnikola-friese.cz\/rad-pujcovny\/\",\"url\":\"https:\/\/pujcovna.jizdnikola-friese.cz\/rad-pujcovny\/\",\"name\":\"\u0158\u00e1d p\u016fj\u010dovny - P\u016fj\u010dovna kol a elektrokol B\u0159eclav Friese\",\"isPartOf\":{\"@id\":\"https:\/\/pujcovna.jizdnikola-friese.cz\/#website\"},\"datePublished\":\"2019-09-12T14:17:31+00:00\",\"dateModified\":\"2024-08-08T15:33:49+00:00\",\"description\":\"P\u016fj\u010dovna j\u00edzdn\u00edch kol a elektrokol B\u0159eclav, Zden\u011bk Friese. Mo\u017enost zap\u016fj\u010den\u00ed zcela nov\u00fdch j\u00edzdn\u00edch kol a elektrokol.\",\"breadcrumb\":{\"@id\":\"https:\/\/pujcovna.jizdnikola-friese.cz\/rad-pujcovny\/#breadcrumb\"},\"inLanguage\":\"en-GB\",\"potentialAction\":[{\"@type\":\"ReadAction\",\"target\":[\"https:\/\/pujcovna.jizdnikola-friese.cz\/rad-pujcovny\/\"]}]},{\"@type\":\"BreadcrumbList\",\"@id\":\"https:\/\/pujcovna.jizdnikola-friese.cz\/rad-pujcovny\/#breadcrumb\",\"itemListElement\":[{\"@type\":\"ListItem\",\"position\":1,\"name\":\"Dom\u016f\",\"item\":\"https:\/\/pujcovna.jizdnikola-friese.cz\/\"},{\"@type\":\"ListItem\",\"position\":2,\"name\":\"\u0158\u00e1d p\u016fj\u010dovny\"}]},{\"@type\":\"WebSite\",\"@id\":\"https:\/\/pujcovna.jizdnikola-friese.cz\/#website\",\"url\":\"https:\/\/pujcovna.jizdnikola-friese.cz\/\",\"name\":\"P\u016fj\u010dovna kol a elektrokol B\u0159eclav Zden\u011bk Friese\",\"description\":\"Vydejte se na cyklov\u00fdlet s koly z na\u0161\u00ed p\u016fj\u010dovny\",\"publisher\":{\"@id\":\"https:\/\/pujcovna.jizdnikola-friese.cz\/#organization\"},\"potentialAction\":[{\"@type\":\"SearchAction\",\"target\":{\"@type\":\"EntryPoint\",\"urlTemplate\":\"https:\/\/pujcovna.jizdnikola-friese.cz\/?s={search_term_string}\"},\"query-input\":{\"@type\":\"PropertyValueSpecification\",\"valueRequired\":true,\"valueName\":\"search_term_string\"}}],\"inLanguage\":\"en-GB\"},{\"@type\":\"Organization\",\"@id\":\"https:\/\/pujcovna.jizdnikola-friese.cz\/#organization\",\"name\":\"P\u016fj\u010dovna kol a elektrokol B\u0159eclav Zden\u011bk Friese\",\"url\":\"https:\/\/pujcovna.jizdnikola-friese.cz\/\",\"logo\":{\"@type\":\"ImageObject\",\"inLanguage\":\"en-GB\",\"@id\":\"https:\/\/pujcovna.jizdnikola-friese.cz\/#\/schema\/logo\/image\/\",\"url\":\"https:\/\/pujcovna.jizdnikola-friese.cz\/wp-content\/uploads\/2019\/09\/navrh4_prw.png\",\"contentUrl\":\"https:\/\/pujcovna.jizdnikola-friese.cz\/wp-content\/uploads\/2019\/09\/navrh4_prw.png\",\"width\":308,\"height\":85,\"caption\":\"P\u016fj\u010dovna kol a elektrokol B\u0159eclav Zden\u011bk Friese\"},\"image\":{\"@id\":\"https:\/\/pujcovna.jizdnikola-friese.cz\/#\/schema\/logo\/image\/\"},\"sameAs\":[\"https:\/\/www.facebook.com\/profile.php?id=100057615213359\"]}]}<\/script>\n<!-- \/ Yoast SEO plugin. -->","yoast_head_json":{"title":"\u0158\u00e1d p\u016fj\u010dovny - P\u016fj\u010dovna kol a elektrokol B\u0159eclav Friese","description":"P\u016fj\u010dovna j\u00edzdn\u00edch kol a elektrokol B\u0159eclav, Zden\u011bk Friese. Mo\u017enost zap\u016fj\u010den\u00ed zcela nov\u00fdch j\u00edzdn\u00edch kol a elektrokol.","robots":{"index":"index","follow":"follow","max-snippet":"max-snippet:-1","max-image-preview":"max-image-preview:large","max-video-preview":"max-video-preview:-1"},"canonical":"https:\/\/pujcovna.jizdnikola-friese.cz\/en\/rad-pujcovny\/","og_locale":"en_GB","og_type":"article","og_title":"P\u016fj\u010dovna j\u00edzdn\u00edch kol a elektrokol B\u0159eclav","og_description":"P\u016fj\u010dovna j\u00edzdn\u00edch kol a elektrokol B\u0159eclav, Zden\u011bk Friese. Mo\u017enost zap\u016fj\u010den\u00ed zcela nov\u00fdch j\u00edzdn\u00edch kol a elektrokol.","og_url":"https:\/\/pujcovna.jizdnikola-friese.cz\/en\/rad-pujcovny\/","og_site_name":"P\u016fj\u010dovna kol a elektrokol B\u0159eclav Friese","article_publisher":"https:\/\/www.facebook.com\/profile.php?id=100057615213359","article_modified_time":"2024-08-08T15:33:49+00:00","og_image":[{"width":308,"height":85,"url":"https:\/\/pujcovna.jizdnikola-friese.cz\/wp-content\/uploads\/2019\/09\/navrh4_prw.png","type":"image\/png"}],"twitter_card":"summary_large_image","twitter_misc":{"Estimated reading time":"2 minutes"},"schema":{"@context":"https:\/\/schema.org","@graph":[{"@type":"WebPage","@id":"https:\/\/pujcovna.jizdnikola-friese.cz\/rad-pujcovny\/","url":"https:\/\/pujcovna.jizdnikola-friese.cz\/rad-pujcovny\/","name":"\u0158\u00e1d p\u016fj\u010dovny - P\u016fj\u010dovna kol a elektrokol B\u0159eclav Friese","isPartOf":{"@id":"https:\/\/pujcovna.jizdnikola-friese.cz\/#website"},"datePublished":"2019-09-12T14:17:31+00:00","dateModified":"2024-08-08T15:33:49+00:00","description":"P\u016fj\u010dovna j\u00edzdn\u00edch kol a elektrokol B\u0159eclav, Zden\u011bk Friese. Mo\u017enost zap\u016fj\u010den\u00ed zcela nov\u00fdch j\u00edzdn\u00edch kol a elektrokol.","breadcrumb":{"@id":"https:\/\/pujcovna.jizdnikola-friese.cz\/rad-pujcovny\/#breadcrumb"},"inLanguage":"en-GB","potentialAction":[{"@type":"ReadAction","target":["https:\/\/pujcovna.jizdnikola-friese.cz\/rad-pujcovny\/"]}]},{"@type":"BreadcrumbList","@id":"https:\/\/pujcovna.jizdnikola-friese.cz\/rad-pujcovny\/#breadcrumb","itemListElement":[{"@type":"ListItem","position":1,"name":"Dom\u016f","item":"https:\/\/pujcovna.jizdnikola-friese.cz\/"},{"@type":"ListItem","position":2,"name":"\u0158\u00e1d p\u016fj\u010dovny"}]},{"@type":"WebSite","@id":"https:\/\/pujcovna.jizdnikola-friese.cz\/#website","url":"https:\/\/pujcovna.jizdnikola-friese.cz\/","name":"P\u016fj\u010dovna kol a elektrokol B\u0159eclav Zden\u011bk Friese","description":"Vydejte se na cyklov\u00fdlet s koly z na\u0161\u00ed p\u016fj\u010dovny","publisher":{"@id":"https:\/\/pujcovna.jizdnikola-friese.cz\/#organization"},"potentialAction":[{"@type":"SearchAction","target":{"@type":"EntryPoint","urlTemplate":"https:\/\/pujcovna.jizdnikola-friese.cz\/?s={search_term_string}"},"query-input":{"@type":"PropertyValueSpecification","valueRequired":true,"valueName":"search_term_string"}}],"inLanguage":"en-GB"},{"@type":"Organization","@id":"https:\/\/pujcovna.jizdnikola-friese.cz\/#organization","name":"P\u016fj\u010dovna kol a elektrokol B\u0159eclav Zden\u011bk Friese","url":"https:\/\/pujcovna.jizdnikola-friese.cz\/","logo":{"@type":"ImageObject","inLanguage":"en-GB","@id":"https:\/\/pujcovna.jizdnikola-friese.cz\/#\/schema\/logo\/image\/","url":"https:\/\/pujcovna.jizdnikola-friese.cz\/wp-content\/uploads\/2019\/09\/navrh4_prw.png","contentUrl":"https:\/\/pujcovna.jizdnikola-friese.cz\/wp-content\/uploads\/2019\/09\/navrh4_prw.png","width":308,"height":85,"caption":"P\u016fj\u010dovna kol a elektrokol B\u0159eclav Zden\u011bk Friese"},"image":{"@id":"https:\/\/pujcovna.jizdnikola-friese.cz\/#\/schema\/logo\/image\/"},"sameAs":["https:\/\/www.facebook.com\/profile.php?id=100057615213359"]}]}},"_links":{"self":[{"href":"https:\/\/pujcovna.jizdnikola-friese.cz\/en\/wp-json\/wp\/v2\/pages\/89","targetHints":{"allow":["GET"]}}],"collection":[{"href":"https:\/\/pujcovna.jizdnikola-friese.cz\/en\/wp-json\/wp\/v2\/pages"}],"about":[{"href":"https:\/\/pujcovna.jizdnikola-friese.cz\/en\/wp-json\/wp\/v2\/types\/page"}],"author":[{"embeddable":true,"href":"https:\/\/pujcovna.jizdnikola-friese.cz\/en\/wp-json\/wp\/v2\/users\/1"}],"replies":[{"embeddable":true,"href":"https:\/\/pujcovna.jizdnikola-friese.cz\/en\/wp-json\/wp\/v2\/comments?post=89"}],"version-history":[{"count":0,"href":"https:\/\/pujcovna.jizdnikola-friese.cz\/en\/wp-json\/wp\/v2\/pages\/89\/revisions"}],"wp:attachment":[{"href":"https:\/\/pujcovna.jizdnikola-friese.cz\/en\/wp-json\/wp\/v2\/media?parent=89"}],"curies":[{"name":"wp","href":"https:\/\/api.w.org\/{rel}","templated":true}]}}